{"id":4,"date":"2015-07-03T11:38:32","date_gmt":"2015-07-03T09:38:32","guid":{"rendered":"http:\/\/tech-forum.sk\/home\/"},"modified":"2023-01-19T14:01:47","modified_gmt":"2023-01-19T12:01:47","slug":"home","status":"publish","type":"page","link":"https:\/\/techforum.sk\/2021\/","title":{"rendered":"Home"},"content":{"rendered":"","protected":false},"excerpt":{"rendered":"","protected":false},"author":1,"featured_media":0,"parent":0,"menu_order":-1,"comment_status":"open","ping_status":"open","template":"template-home.php","meta":[],"yoast_head":"<!-- This site is optimized with the Yoast SEO plugin v18.2 - https:\/\/yoast.com\/wordpress\/plugins\/seo\/ -->\n<title>\u00davod | Techforum<\/title>\n<meta name=\"description\" content=\"Medzin\u00e1rodn\u00e1 odborn\u00e1 konferencia zameran\u00e1 na prezent\u00e1ciu v oblasti TZB ur\u010den\u00e1 pre projektantov, \u00a0architektov, z\u00e1stupcov developerov, z\u00e1stupcov\u00a0realiza\u010dn\u00fdch spolo\u010dnosti a \u010fal\u0161\u00edm stavebn\u00fdm odborn\u00edkov.\" \/>\n<meta name=\"robots\" content=\"index, follow, max-snippet:-1, max-image-preview:large, max-video-preview:-1\" \/>\n<link rel=\"canonical\" href=\"https:\/\/techforum.sk\/2021\/\" \/>\n<meta property=\"og:locale\" content=\"sk_SK\" \/>\n<meta property=\"og:type\" content=\"article\" \/>\n<meta property=\"og:title\" content=\"\u00davod | Techforum\" \/>\n<meta property=\"og:description\" content=\"Medzin\u00e1rodn\u00e1 odborn\u00e1 konferencia zameran\u00e1 na prezent\u00e1ciu v oblasti TZB ur\u010den\u00e1 pre projektantov, \u00a0architektov, z\u00e1stupcov developerov, z\u00e1stupcov\u00a0realiza\u010dn\u00fdch spolo\u010dnosti a \u010fal\u0161\u00edm stavebn\u00fdm odborn\u00edkov.\" \/>\n<meta property=\"og:url\" content=\"https:\/\/techforum.sk\/2021\/\" \/>\n<meta property=\"og:site_name\" content=\"Techforum\" \/>\n<meta property=\"article:modified_time\" content=\"2023-01-19T12:01:47+00:00\" \/>\n<meta name=\"twitter:card\" content=\"summary\" \/>\n<script type=\"application\/ld+json\" class=\"yoast-schema-graph\">{\"@context\":\"https:\/\/schema.org\",\"@graph\":[{\"@type\":\"WebSite\",\"@id\":\"https:\/\/techforum.sk\/2021\/#website\",\"url\":\"https:\/\/techforum.sk\/2021\/\",\"name\":\"Techforum\",\"description\":\"Medzin\u00e1rodn\u00e1 odborn\u00e1 konferencia zameran\u00e1 na prezent\u00e1ciu v oblasti TZB\",\"potentialAction\":[{\"@type\":\"SearchAction\",\"target\":{\"@type\":\"EntryPoint\",\"urlTemplate\":\"https:\/\/techforum.sk\/2021\/?s={search_term_string}\"},\"query-input\":\"required name=search_term_string\"}],\"inLanguage\":\"sk-SK\"},{\"@type\":\"WebPage\",\"@id\":\"https:\/\/techforum.sk\/2021\/#webpage\",\"url\":\"https:\/\/techforum.sk\/2021\/\",\"name\":\"\u00davod | Techforum\",\"isPartOf\":{\"@id\":\"https:\/\/techforum.sk\/2021\/#website\"},\"datePublished\":\"2015-07-03T09:38:32+00:00\",\"dateModified\":\"2023-01-19T12:01:47+00:00\",\"description\":\"Medzin\u00e1rodn\u00e1 odborn\u00e1 konferencia zameran\u00e1 na prezent\u00e1ciu v oblasti TZB ur\u010den\u00e1 pre projektantov, \u00a0architektov, z\u00e1stupcov developerov, z\u00e1stupcov\u00a0realiza\u010dn\u00fdch spolo\u010dnosti a \u010fal\u0161\u00edm stavebn\u00fdm odborn\u00edkov.\",\"breadcrumb\":{\"@id\":\"https:\/\/techforum.sk\/2021\/#breadcrumb\"},\"inLanguage\":\"sk-SK\",\"potentialAction\":[{\"@type\":\"ReadAction\",\"target\":[\"https:\/\/techforum.sk\/2021\/\"]}]},{\"@type\":\"BreadcrumbList\",\"@id\":\"https:\/\/techforum.sk\/2021\/#breadcrumb\",\"itemListElement\":[{\"@type\":\"ListItem\",\"position\":1,\"name\":\"Domovsk\u00e1 str\u00e1nka\",\"item\":\"https:\/\/techforum.sk\/2021\/\"},{\"@type\":\"ListItem\",\"position\":2,\"name\":\"Home\"}]}]}<\/script>\n<!-- \/ Yoast SEO plugin. -->","yoast_head_json":{"title":"\u00davod | Techforum","description":"Medzin\u00e1rodn\u00e1 odborn\u00e1 konferencia zameran\u00e1 na prezent\u00e1ciu v oblasti TZB ur\u010den\u00e1 pre projektantov, \u00a0architektov, z\u00e1stupcov developerov, z\u00e1stupcov\u00a0realiza\u010dn\u00fdch spolo\u010dnosti a \u010fal\u0161\u00edm stavebn\u00fdm odborn\u00edkov.","robots":{"index":"index","follow":"follow","max-snippet":"max-snippet:-1","max-image-preview":"max-image-preview:large","max-video-preview":"max-video-preview:-1"},"canonical":"https:\/\/techforum.sk\/2021\/","og_locale":"sk_SK","og_type":"article","og_title":"\u00davod | Techforum","og_description":"Medzin\u00e1rodn\u00e1 odborn\u00e1 konferencia zameran\u00e1 na prezent\u00e1ciu v oblasti TZB ur\u010den\u00e1 pre projektantov, \u00a0architektov, z\u00e1stupcov developerov, z\u00e1stupcov\u00a0realiza\u010dn\u00fdch spolo\u010dnosti a \u010fal\u0161\u00edm stavebn\u00fdm odborn\u00edkov.","og_url":"https:\/\/techforum.sk\/2021\/","og_site_name":"Techforum","article_modified_time":"2023-01-19T12:01:47+00:00","twitter_card":"summary","schema":{"@context":"https:\/\/schema.org","@graph":[{"@type":"WebSite","@id":"https:\/\/techforum.sk\/2021\/#website","url":"https:\/\/techforum.sk\/2021\/","name":"Techforum","description":"Medzin\u00e1rodn\u00e1 odborn\u00e1 konferencia zameran\u00e1 na prezent\u00e1ciu v oblasti TZB","potentialAction":[{"@type":"SearchAction","target":{"@type":"EntryPoint","urlTemplate":"https:\/\/techforum.sk\/2021\/?s={search_term_string}"},"query-input":"required name=search_term_string"}],"inLanguage":"sk-SK"},{"@type":"WebPage","@id":"https:\/\/techforum.sk\/2021\/#webpage","url":"https:\/\/techforum.sk\/2021\/","name":"\u00davod | Techforum","isPartOf":{"@id":"https:\/\/techforum.sk\/2021\/#website"},"datePublished":"2015-07-03T09:38:32+00:00","dateModified":"2023-01-19T12:01:47+00:00","description":"Medzin\u00e1rodn\u00e1 odborn\u00e1 konferencia zameran\u00e1 na prezent\u00e1ciu v oblasti TZB ur\u010den\u00e1 pre projektantov, \u00a0architektov, z\u00e1stupcov developerov, z\u00e1stupcov\u00a0realiza\u010dn\u00fdch spolo\u010dnosti a \u010fal\u0161\u00edm stavebn\u00fdm odborn\u00edkov.","breadcrumb":{"@id":"https:\/\/techforum.sk\/2021\/#breadcrumb"},"inLanguage":"sk-SK","potentialAction":[{"@type":"ReadAction","target":["https:\/\/techforum.sk\/2021\/"]}]},{"@type":"BreadcrumbList","@id":"https:\/\/techforum.sk\/2021\/#breadcrumb","itemListElement":[{"@type":"ListItem","position":1,"name":"Domovsk\u00e1 str\u00e1nka","item":"https:\/\/techforum.sk\/2021\/"},{"@type":"ListItem","position":2,"name":"Home"}]}]}},"_links":{"self":[{"href":"https:\/\/techforum.sk\/2021\/wp-json\/wp\/v2\/pages\/4"}],"collection":[{"href":"https:\/\/techforum.sk\/2021\/wp-json\/wp\/v2\/pages"}],"about":[{"href":"https:\/\/techforum.sk\/2021\/wp-json\/wp\/v2\/types\/page"}],"author":[{"embeddable":true,"href":"https:\/\/techforum.sk\/2021\/wp-json\/wp\/v2\/users\/1"}],"replies":[{"embeddable":true,"href":"https:\/\/techforum.sk\/2021\/wp-json\/wp\/v2\/comments?post=4"}],"version-history":[{"count":67,"href":"https:\/\/techforum.sk\/2021\/wp-json\/wp\/v2\/pages\/4\/revisions"}],"predecessor-version":[{"id":1518,"href":"https:\/\/techforum.sk\/2021\/wp-json\/wp\/v2\/pages\/4\/revisions\/1518"}],"wp:attachment":[{"href":"https:\/\/techforum.sk\/2021\/wp-json\/wp\/v2\/media?parent=4"}],"curies":[{"name":"wp","href":"https:\/\/api.w.org\/{rel}","templated":true}]}}