{"id":66,"date":"2015-11-29T18:49:14","date_gmt":"2015-11-29T16:49:14","guid":{"rendered":"http:\/\/tech-forum.sk\/?page_id=66"},"modified":"2021-02-24T12:35:11","modified_gmt":"2021-02-24T10:35:11","slug":"program","status":"publish","type":"page","link":"https:\/\/techforum.sk\/2021\/program\/","title":{"rendered":"Program 2021"},"content":{"rendered":"<p style=\"text-align: center;\"><strong>E-TECHFORUM 2021<\/strong> sa konalo 23. febru\u00e1ra od 9:00 prostredn\u00edctvom LIVE PRENOSU, ktor\u00e9ho z\u00e1znam n\u00e1jdete na na\u0161ej<a href=\"http:\/\/www.techforum.sk\"> \u00favodnej str\u00e1nke<\/a>.<\/p>\n<p style=\"text-align: center;\">Po\u010das VII. ro\u010dn\u00edka konferencie vyst\u00fapili popredn\u00ed odborn\u00edci z HVAC odvetvia, ktor\u00ed priniesli inovat\u00edvne poh\u013eady na aktu\u00e1lnu t\u00e9mu bezpe\u010dnosti a noviniek z oblasti TZB.<\/p>\n<p style=\"text-align: center;\">Publikum bolo s na\u0161imi odborn\u00edkmi prepojen\u00e9 prostredn\u00edctvom interakt\u00edvnej aplik\u00e1cie, v r\u00e1mci ktorej mohli kl\u00e1s\u0165 ot\u00e1zky, zapoji\u0165 sa do hlasovania a na z\u00e1ver sa traja \u0161\u0165astlivci stali v\u00fdhercami hodnotn\u00fdch cien.<\/p>\n<p style=\"text-align: center;\">\n<p style=\"text-align: center;\"><b>TECHFORUM 2022 u\u017e op\u00e4\u0165 o rok!<\/b><\/p>\n","protected":false},"excerpt":{"rendered":"<p>E-TECHFORUM 2021 sa konalo 23. febru\u00e1ra od 9:00 prostredn\u00edctvom LIVE PRENOSU, ktor\u00e9ho z\u00e1znam n\u00e1jdete na na\u0161ej \u00favodnej str\u00e1nke. Po\u010das VII.<\/p>\n","protected":false},"author":1,"featured_media":0,"parent":0,"menu_order":0,"comment_status":"closed","ping_status":"closed","template":"template-program.php","meta":[],"yoast_head":"<!-- This site is optimized with the Yoast SEO plugin v18.2 - https:\/\/yoast.com\/wordpress\/plugins\/seo\/ -->\n<title>Program 2021 - Techforum<\/title>\n<meta name=\"robots\" content=\"index, follow, max-snippet:-1, max-image-preview:large, max-video-preview:-1\" \/>\n<link rel=\"canonical\" href=\"https:\/\/techforum.sk\/2021\/program\/\" \/>\n<meta property=\"og:locale\" content=\"sk_SK\" \/>\n<meta property=\"og:type\" content=\"article\" \/>\n<meta property=\"og:title\" content=\"Program 2021 - Techforum\" \/>\n<meta property=\"og:description\" content=\"E-TECHFORUM 2021 sa konalo 23. febru\u00e1ra od 9:00 prostredn\u00edctvom LIVE PRENOSU, ktor\u00e9ho z\u00e1znam n\u00e1jdete na na\u0161ej \u00favodnej str\u00e1nke. Po\u010das VII.\" \/>\n<meta property=\"og:url\" content=\"https:\/\/techforum.sk\/2021\/program\/\" \/>\n<meta property=\"og:site_name\" content=\"Techforum\" \/>\n<meta property=\"article:modified_time\" content=\"2021-02-24T10:35:11+00:00\" \/>\n<meta name=\"twitter:card\" content=\"summary\" \/>\n<meta name=\"twitter:label1\" content=\"Predpokladan\u00fd \u010das \u010d\u00edtania\" \/>\n\t<meta name=\"twitter:data1\" content=\"1 min\u00fata\" \/>\n<script type=\"application\/ld+json\" class=\"yoast-schema-graph\">{\"@context\":\"https:\/\/schema.org\",\"@graph\":[{\"@type\":\"WebSite\",\"@id\":\"https:\/\/techforum.sk\/2021\/#website\",\"url\":\"https:\/\/techforum.sk\/2021\/\",\"name\":\"Techforum\",\"description\":\"Medzin\u00e1rodn\u00e1 odborn\u00e1 konferencia zameran\u00e1 na prezent\u00e1ciu v oblasti TZB\",\"potentialAction\":[{\"@type\":\"SearchAction\",\"target\":{\"@type\":\"EntryPoint\",\"urlTemplate\":\"https:\/\/techforum.sk\/2021\/?s={search_term_string}\"},\"query-input\":\"required name=search_term_string\"}],\"inLanguage\":\"sk-SK\"},{\"@type\":\"WebPage\",\"@id\":\"https:\/\/techforum.sk\/2021\/program\/#webpage\",\"url\":\"https:\/\/techforum.sk\/2021\/program\/\",\"name\":\"Program 2021 - Techforum\",\"isPartOf\":{\"@id\":\"https:\/\/techforum.sk\/2021\/#website\"},\"datePublished\":\"2015-11-29T16:49:14+00:00\",\"dateModified\":\"2021-02-24T10:35:11+00:00\",\"breadcrumb\":{\"@id\":\"https:\/\/techforum.sk\/2021\/program\/#breadcrumb\"},\"inLanguage\":\"sk-SK\",\"potentialAction\":[{\"@type\":\"ReadAction\",\"target\":[\"https:\/\/techforum.sk\/2021\/program\/\"]}]},{\"@type\":\"BreadcrumbList\",\"@id\":\"https:\/\/techforum.sk\/2021\/program\/#breadcrumb\",\"itemListElement\":[{\"@type\":\"ListItem\",\"position\":1,\"name\":\"Domovsk\u00e1 str\u00e1nka\",\"item\":\"https:\/\/techforum.sk\/2021\/\"},{\"@type\":\"ListItem\",\"position\":2,\"name\":\"Program 2021\"}]}]}<\/script>\n<!-- \/ Yoast SEO plugin. -->","yoast_head_json":{"title":"Program 2021 - Techforum","robots":{"index":"index","follow":"follow","max-snippet":"max-snippet:-1","max-image-preview":"max-image-preview:large","max-video-preview":"max-video-preview:-1"},"canonical":"https:\/\/techforum.sk\/2021\/program\/","og_locale":"sk_SK","og_type":"article","og_title":"Program 2021 - Techforum","og_description":"E-TECHFORUM 2021 sa konalo 23. febru\u00e1ra od 9:00 prostredn\u00edctvom LIVE PRENOSU, ktor\u00e9ho z\u00e1znam n\u00e1jdete na na\u0161ej \u00favodnej str\u00e1nke. Po\u010das VII.","og_url":"https:\/\/techforum.sk\/2021\/program\/","og_site_name":"Techforum","article_modified_time":"2021-02-24T10:35:11+00:00","twitter_card":"summary","twitter_misc":{"Predpokladan\u00fd \u010das \u010d\u00edtania":"1 min\u00fata"},"schema":{"@context":"https:\/\/schema.org","@graph":[{"@type":"WebSite","@id":"https:\/\/techforum.sk\/2021\/#website","url":"https:\/\/techforum.sk\/2021\/","name":"Techforum","description":"Medzin\u00e1rodn\u00e1 odborn\u00e1 konferencia zameran\u00e1 na prezent\u00e1ciu v oblasti TZB","potentialAction":[{"@type":"SearchAction","target":{"@type":"EntryPoint","urlTemplate":"https:\/\/techforum.sk\/2021\/?s={search_term_string}"},"query-input":"required name=search_term_string"}],"inLanguage":"sk-SK"},{"@type":"WebPage","@id":"https:\/\/techforum.sk\/2021\/program\/#webpage","url":"https:\/\/techforum.sk\/2021\/program\/","name":"Program 2021 - Techforum","isPartOf":{"@id":"https:\/\/techforum.sk\/2021\/#website"},"datePublished":"2015-11-29T16:49:14+00:00","dateModified":"2021-02-24T10:35:11+00:00","breadcrumb":{"@id":"https:\/\/techforum.sk\/2021\/program\/#breadcrumb"},"inLanguage":"sk-SK","potentialAction":[{"@type":"ReadAction","target":["https:\/\/techforum.sk\/2021\/program\/"]}]},{"@type":"BreadcrumbList","@id":"https:\/\/techforum.sk\/2021\/program\/#breadcrumb","itemListElement":[{"@type":"ListItem","position":1,"name":"Domovsk\u00e1 str\u00e1nka","item":"https:\/\/techforum.sk\/2021\/"},{"@type":"ListItem","position":2,"name":"Program 2021"}]}]}},"_links":{"self":[{"href":"https:\/\/techforum.sk\/2021\/wp-json\/wp\/v2\/pages\/66"}],"collection":[{"href":"https:\/\/techforum.sk\/2021\/wp-json\/wp\/v2\/pages"}],"about":[{"href":"https:\/\/techforum.sk\/2021\/wp-json\/wp\/v2\/types\/page"}],"author":[{"embeddable":true,"href":"https:\/\/techforum.sk\/2021\/wp-json\/wp\/v2\/users\/1"}],"replies":[{"embeddable":true,"href":"https:\/\/techforum.sk\/2021\/wp-json\/wp\/v2\/comments?post=66"}],"version-history":[{"count":28,"href":"https:\/\/techforum.sk\/2021\/wp-json\/wp\/v2\/pages\/66\/revisions"}],"predecessor-version":[{"id":1502,"href":"https:\/\/techforum.sk\/2021\/wp-json\/wp\/v2\/pages\/66\/revisions\/1502"}],"wp:attachment":[{"href":"https:\/\/techforum.sk\/2021\/wp-json\/wp\/v2\/media?parent=66"}],"curies":[{"name":"wp","href":"https:\/\/api.w.org\/{rel}","templated":true}]}}