{"id":66,"date":"2015-11-29T18:49:14","date_gmt":"2015-11-29T16:49:14","guid":{"rendered":"https:\/\/techforum.sk\/?page_id=66"},"modified":"2022-04-01T10:12:34","modified_gmt":"2022-04-01T08:12:34","slug":"program","status":"publish","type":"page","link":"https:\/\/techforum.sk\/2022\/program\/","title":{"rendered":"Program 2022"},"content":{"rendered":"","protected":false},"excerpt":{"rendered":"","protected":false},"author":1,"featured_media":0,"parent":0,"menu_order":0,"comment_status":"closed","ping_status":"closed","template":"template-program.php","meta":[],"yoast_head":"<!-- This site is optimized with the Yoast SEO plugin v18.2 - https:\/\/yoast.com\/wordpress\/plugins\/seo\/ -->\n<title>Program 2022 - Techforum<\/title>\n<meta name=\"robots\" content=\"index, follow, max-snippet:-1, max-image-preview:large, max-video-preview:-1\" \/>\n<link rel=\"canonical\" href=\"https:\/\/techforum.sk\/2022\/program\/\" \/>\n<meta property=\"og:locale\" content=\"sk_SK\" \/>\n<meta property=\"og:type\" content=\"article\" \/>\n<meta property=\"og:title\" content=\"Program 2022 - Techforum\" \/>\n<meta property=\"og:url\" content=\"https:\/\/techforum.sk\/2022\/program\/\" \/>\n<meta property=\"og:site_name\" content=\"Techforum\" \/>\n<meta property=\"article:modified_time\" content=\"2022-04-01T08:12:34+00:00\" \/>\n<meta property=\"og:image\" content=\"https:\/\/techforum.sk\/2022\/wp-content\/uploads\/2022\/04\/techforum-1200x1200_v2.png\" \/>\n\t<meta property=\"og:image:width\" content=\"1200\" \/>\n\t<meta property=\"og:image:height\" content=\"1200\" \/>\n\t<meta property=\"og:image:type\" content=\"image\/png\" \/>\n<meta name=\"twitter:card\" content=\"summary\" \/>\n<script type=\"application\/ld+json\" class=\"yoast-schema-graph\">{\"@context\":\"https:\/\/schema.org\",\"@graph\":[{\"@type\":\"WebSite\",\"@id\":\"https:\/\/techforum.sk\/2022\/#website\",\"url\":\"https:\/\/techforum.sk\/2022\/\",\"name\":\"Techforum\",\"description\":\"Medzin\u00e1rodn\u00e1 odborn\u00e1 konferencia zameran\u00e1 na prezent\u00e1ciu v oblasti TZB\",\"potentialAction\":[{\"@type\":\"SearchAction\",\"target\":{\"@type\":\"EntryPoint\",\"urlTemplate\":\"https:\/\/techforum.sk\/2022\/?s={search_term_string}\"},\"query-input\":\"required name=search_term_string\"}],\"inLanguage\":\"sk-SK\"},{\"@type\":\"WebPage\",\"@id\":\"https:\/\/techforum.sk\/2022\/program\/#webpage\",\"url\":\"https:\/\/techforum.sk\/2022\/program\/\",\"name\":\"Program 2022 - Techforum\",\"isPartOf\":{\"@id\":\"https:\/\/techforum.sk\/2022\/#website\"},\"datePublished\":\"2015-11-29T16:49:14+00:00\",\"dateModified\":\"2022-04-01T08:12:34+00:00\",\"breadcrumb\":{\"@id\":\"https:\/\/techforum.sk\/2022\/program\/#breadcrumb\"},\"inLanguage\":\"sk-SK\",\"potentialAction\":[{\"@type\":\"ReadAction\",\"target\":[\"https:\/\/techforum.sk\/2022\/program\/\"]}]},{\"@type\":\"BreadcrumbList\",\"@id\":\"https:\/\/techforum.sk\/2022\/program\/#breadcrumb\",\"itemListElement\":[{\"@type\":\"ListItem\",\"position\":1,\"name\":\"Domovsk\u00e1 str\u00e1nka\",\"item\":\"https:\/\/techforum.sk\/2022\/\"},{\"@type\":\"ListItem\",\"position\":2,\"name\":\"Program 2022\"}]}]}<\/script>\n<!-- \/ Yoast SEO plugin. -->","yoast_head_json":{"title":"Program 2022 - Techforum","robots":{"index":"index","follow":"follow","max-snippet":"max-snippet:-1","max-image-preview":"max-image-preview:large","max-video-preview":"max-video-preview:-1"},"canonical":"https:\/\/techforum.sk\/2022\/program\/","og_locale":"sk_SK","og_type":"article","og_title":"Program 2022 - Techforum","og_url":"https:\/\/techforum.sk\/2022\/program\/","og_site_name":"Techforum","article_modified_time":"2022-04-01T08:12:34+00:00","og_image":[{"width":1200,"height":1200,"url":"https:\/\/techforum.sk\/2022\/wp-content\/uploads\/2022\/04\/techforum-1200x1200_v2.png","type":"image\/png"}],"twitter_card":"summary","schema":{"@context":"https:\/\/schema.org","@graph":[{"@type":"WebSite","@id":"https:\/\/techforum.sk\/2022\/#website","url":"https:\/\/techforum.sk\/2022\/","name":"Techforum","description":"Medzin\u00e1rodn\u00e1 odborn\u00e1 konferencia zameran\u00e1 na prezent\u00e1ciu v oblasti TZB","potentialAction":[{"@type":"SearchAction","target":{"@type":"EntryPoint","urlTemplate":"https:\/\/techforum.sk\/2022\/?s={search_term_string}"},"query-input":"required name=search_term_string"}],"inLanguage":"sk-SK"},{"@type":"WebPage","@id":"https:\/\/techforum.sk\/2022\/program\/#webpage","url":"https:\/\/techforum.sk\/2022\/program\/","name":"Program 2022 - Techforum","isPartOf":{"@id":"https:\/\/techforum.sk\/2022\/#website"},"datePublished":"2015-11-29T16:49:14+00:00","dateModified":"2022-04-01T08:12:34+00:00","breadcrumb":{"@id":"https:\/\/techforum.sk\/2022\/program\/#breadcrumb"},"inLanguage":"sk-SK","potentialAction":[{"@type":"ReadAction","target":["https:\/\/techforum.sk\/2022\/program\/"]}]},{"@type":"BreadcrumbList","@id":"https:\/\/techforum.sk\/2022\/program\/#breadcrumb","itemListElement":[{"@type":"ListItem","position":1,"name":"Domovsk\u00e1 str\u00e1nka","item":"https:\/\/techforum.sk\/2022\/"},{"@type":"ListItem","position":2,"name":"Program 2022"}]}]}},"_links":{"self":[{"href":"https:\/\/techforum.sk\/2022\/wp-json\/wp\/v2\/pages\/66"}],"collection":[{"href":"https:\/\/techforum.sk\/2022\/wp-json\/wp\/v2\/pages"}],"about":[{"href":"https:\/\/techforum.sk\/2022\/wp-json\/wp\/v2\/types\/page"}],"author":[{"embeddable":true,"href":"https:\/\/techforum.sk\/2022\/wp-json\/wp\/v2\/users\/1"}],"replies":[{"embeddable":true,"href":"https:\/\/techforum.sk\/2022\/wp-json\/wp\/v2\/comments?post=66"}],"version-history":[{"count":34,"href":"https:\/\/techforum.sk\/2022\/wp-json\/wp\/v2\/pages\/66\/revisions"}],"predecessor-version":[{"id":1836,"href":"https:\/\/techforum.sk\/2022\/wp-json\/wp\/v2\/pages\/66\/revisions\/1836"}],"wp:attachment":[{"href":"https:\/\/techforum.sk\/2022\/wp-json\/wp\/v2\/media?parent=66"}],"curies":[{"name":"wp","href":"https:\/\/api.w.org\/{rel}","templated":true}]}}